{"id":91,"date":"2017-01-06T10:32:01","date_gmt":"2017-01-06T10:32:01","guid":{"rendered":"http:\/\/arbitraj2.chamber.md\/?page_id=91&#038;lang=en"},"modified":"2024-07-16T20:14:41","modified_gmt":"2024-07-16T20:14:41","slug":"home","status":"publish","type":"page","link":"https:\/\/arbitraj.chamber.md\/en\/","title":{"rendered":""},"content":{"rendered":"<div class=\"wpb-content-wrapper\">[vc_row][vc_column][rev_slider_vc alias=&#8221;home&#8221;][\/vc_column][\/vc_row][vc_row][vc_column][vc_empty_space height=&#8221;3em&#8221;][vc_column_text css=&#8221;.vc_custom_1530511934380{margin-top: 0px !important;margin-bottom: 0px !important;}&#8221;][\/vc_column_text][vc_empty_space height=&#8221;1.7em&#8221;][\/vc_column][\/vc_row][vc_row][vc_column][vc_column_text]        <div class=\"wcp-carousel-main-wrap\">\r\n        <section class=\"wcp-slick\"  data-autoplay = on data-slidesToShow = 3 data-slidesToShowtab = 2 data-slidesToShowmob = 1 data-slidesToScroll = 1 data-margin = 20px data-arrows = on data-rows = 1 data-slidesPerRow = 1 id=\"carousel-404\">\r\n\r\n                            <div class=\"slick-slide carousel-item-1106\">\r\n                    <div class=\"rpc-box rpc-bg\">\r\n    <div class=\"fixed-height-image\"><img loading=\"lazy\" decoding=\"async\" width=\"300\" height=\"200\" src=\"https:\/\/arbitraj.chamber.md\/wp-content\/uploads\/2020\/01\/DSC_6715-300x200-300x200.jpg\" class=\"attachment-medium size-medium wp-post-image\" alt=\"\" \/><\/div>    <div class=\"car-caption\">\r\n        <h3 class=\"rpc-title\">\r\n            <a href=\"https:\/\/arbitraj.chamber.md\/en\/adunarea-generala-a-arbitrilor-curtii-de-arbitraj-comercial-international-de-pe-langa-camera-de-comert-si-industrie-a-republicii-moldova\/\" target=\"_self\" class=\"rpc-title\">\r\n                Adunarea General\u0103 a arbitrilor Cur\u021bii de Arbitraj Comercial Interna\u021bional de pe l\u00e2ng\u0103 Camera de Comer\u021b \u0219i Industrie a Republicii Moldova            <\/a>\r\n        <\/h3>\r\n        <p class=\"rpc-content\">\r\n            9 January 2020                    <\/p>\r\n    <\/div>\r\n<\/div>                <\/div>    \r\n\r\n                            <div class=\"slick-slide carousel-item-1064\">\r\n                    <div class=\"rpc-box rpc-bg\">\r\n    <div class=\"fixed-height-image\"><img loading=\"lazy\" decoding=\"async\" width=\"300\" height=\"200\" src=\"https:\/\/arbitraj.chamber.md\/wp-content\/uploads\/2018\/10\/Poza-455-300x200.jpg\" class=\"attachment-medium size-medium wp-post-image\" alt=\"\" srcset=\"https:\/\/arbitraj.chamber.md\/wp-content\/uploads\/2018\/10\/Poza-455-300x200.jpg 300w, https:\/\/arbitraj.chamber.md\/wp-content\/uploads\/2018\/10\/Poza-455-768x511.jpg 768w, https:\/\/arbitraj.chamber.md\/wp-content\/uploads\/2018\/10\/Poza-455-1024x681.jpg 1024w, https:\/\/arbitraj.chamber.md\/wp-content\/uploads\/2018\/10\/Poza-455.jpg 1623w\" sizes=\"auto, (max-width: 300px) 100vw, 300px\" \/><\/div>    <div class=\"car-caption\">\r\n        <h3 class=\"rpc-title\">\r\n            <a href=\"https:\/\/arbitraj.chamber.md\/en\/25-years-of-the-international-commercial-arbitration-court-at-the-chamber-of-commerce-and-industry-of-the-republic-of-moldova-achievements-and-prospects\/\" target=\"_self\" class=\"rpc-title\">\r\n                &#8220;25 years of the International Commercial Arbitration Court at the Chamber of Commerce and Industry of the Republic of Moldova: achievements and prospects.&#8221;            <\/a>\r\n        <\/h3>\r\n        <p class=\"rpc-content\">\r\n            23 November 2018                    <\/p>\r\n    <\/div>\r\n<\/div>                <\/div>    \r\n\r\n                \r\n        <\/section>\r\n        <\/div>\r\n        <style>#carousel-404 .slick-prev:before, #carousel-404 .slick-next:before { color: #333333 !important;}#carousel-404 .slick-slide { margin: 2px 20px; } #carousel-404 .rpc-title { color: #333333; } #carousel-404 .rpc-content { color: ; } #carousel-404 .rpc-date { background-color: ; } #carousel-404 .rpc-date { color: ; } #carousel-404 .rpc-overlay { background-color: ; } #carousel-404 .carousel-style9 { border-top-color: ; } #carousel-404 .carousel-style9 .button:before { background-color: ; } #carousel-404 .rpc-box { box-shadow: ; } #carousel-404 .rpc-bg { background-color: ; } #carousel-404 .rpc-title-bg { background-color: ; } #carousel-404 .fixed-height-image { height: ; } #carousel-404 .slick-next:before { content: '\\ \\f054 '; } #carousel-404 .slick-prev:before { content: '\\ \\f053'; }#carousel-404 .rpc-title { font-family: Roboto Condensed; } #carousel-404 .rpc-title { font-size: 18px; } #carousel-404 .rpc-content { font-family: Roboto Condensed; } #carousel-404 .rpc-content { font-size: 14px; } <\/style>[\/vc_column_text][vc_empty_space height=&#8221;1.7em&#8221;][\/vc_column][\/vc_row][vc_row][vc_column][vc_separator][\/vc_column][\/vc_row][vc_row][vc_column][vc_empty_space height=&#8221;3em&#8221;][vc_column_text css=&#8221;.vc_custom_1530260284509{margin-top: 0px !important;margin-bottom: 0px !important;}&#8221;][\/vc_column_text][vc_empty_space height=&#8221;1.7em&#8221;][\/vc_column][\/vc_row][vc_row][vc_column width=&#8221;1\/2&#8243;][vc_column_text]<strong>ADRESA:<\/strong><\/p>\n<p><strong>Republica Moldova, MD \u2013 2004, Chi\u015fin\u0103u, bd. \u015etefan cel Mare \u0219i Sf\u00e2nt, 151<\/strong><br \/>\n<strong>tel: + 373 22 \/ 23 52 88;\u00a0 067439855<\/strong><br \/>\n<strong>fax: + 373 22 \/ 24 42 83<\/strong><br \/>\n<strong>e-mail:\u00a0<a href=\"mailto:arbitration@chamber.md\" target=\"_blank\">arbitration<span id=\"cloak30115\">@chamber.md<\/span><\/a><\/strong>[\/vc_column_text][vc_empty_space height=&#8221;1.7em&#8221;][\/vc_column][vc_column width=&#8221;1\/2&#8243;][vc_video link=&#8221;https:\/\/www.youtube.com\/embed\/tGUc7PKa-Yg&#8221;][vc_empty_space height=&#8221;1.7em&#8221;][\/vc_column][\/vc_row][vc_row][vc_column][vc_separator][\/vc_column][\/vc_row][vc_row][vc_column][vc_empty_space height=&#8221;4em&#8221;][vc_gmaps link=&#8221;#E-8_JTNDaWZyYW1lJTIwc3JjJTNEJTIyaHR0cHMlM0ElMkYlMkZ3d3cuZ29vZ2xlLmNvbSUyRm1hcHMlMkZlbWJlZCUzRnBiJTNEJTIxMW0xOCUyMTFtMTIlMjExbTMlMjExZDI3MTkuNDQ5MTg0MDU1ODcxMiUyMTJkMjguODIxMzQyMzczMDE2MzY4JTIxM2Q0Ny4wMzE0MTU5ODkzODgzOCUyMTJtMyUyMTFmMCUyMTJmMCUyMTNmMCUyMTNtMiUyMTFpMTAyNCUyMTJpNzY4JTIxNGYxMy4xJTIxM20zJTIxMW0yJTIxMXMweDQwYzk3ZGM4MzM5MmFhNzElMjUzQTB4YzI2NWNkNGUwOTM0YzIxMyUyMTJzQ2FtZXJhJTJCZGUlMkJDb21lciUyNUM4JTI1OUIlMkIlMjVDOCUyNTk5aSUyQkluZHVzdHJpZSUyQmElMkJSZXB1YmxpY2lpJTJCTW9sZG92YSUyMTVlMCUyMTNtMiUyMTFzcm8lMjEycyUyMTR2MTUyNzU4NjgyNzIzMiUyMiUyMHdpZHRoJTNEJTIyMTAwJTI1JTIyJTIwaGVpZ2h0JTNEJTIyNDUwJTIyJTIwZnJhbWVib3JkZXIlM0QlMjIwJTIyJTIwc3R5bGUlM0QlMjJib3JkZXIlM0EwJTIyJTIwYWxsb3dmdWxsc2NyZWVuJTNFJTNDJTJGaWZyYW1lJTNF&#8221; size=&#8221;400&#8243;][\/vc_column][\/vc_row]\n<\/div>","protected":false},"excerpt":{"rendered":"<p>[vc_row][vc_column][rev_slider_vc alias=&#8221;home&#8221;][\/vc_column][\/vc_row][vc_row][vc_column][vc_empty_space height=&#8221;3em&#8221;][vc_column_text css=&#8221;.vc_custom_1530511934380{margin-top: 0px !important;margin-bottom: 0px !important;}&#8221;][\/vc_column_text][vc_empty_space height=&#8221;1.7em&#8221;][\/vc_column][\/vc_row][vc_row][vc_column][vc_column_text][\/vc_column_text][vc_empty_space height=&#8221;1.7em&#8221;][\/vc_column][\/vc_row][vc_row][vc_column][vc_separator][\/vc_column][\/vc_row][vc_row][vc_column][vc_empty_space height=&#8221;3em&#8221;][vc_column_text css=&#8221;.vc_custom_1530260284509{margin-top: 0px !important;margin-bottom: 0px !important;}&#8221;][\/vc_column_text][vc_empty_space height=&#8221;1.7em&#8221;][\/vc_column][\/vc_row][vc_row][vc_column width=&#8221;1\/2&#8243;][vc_column_text]ADRESA: Republica Moldova, MD \u2013 2004, Chi\u015fin\u0103u, bd. \u015etefan cel Mare \u0219i Sf\u00e2nt, 151 tel: + 373 22 \/ 23 52 88;\u00a0 067439855 fax: + 373 22 \/ 24 42 83 e-mail:\u00a0arbitration@chamber.md[\/vc_column_text][vc_empty_space height=&#8221;1.7em&#8221;][\/vc_column][vc_column width=&#8221;1\/2&#8243;][vc_video link=&#8221;https:\/\/www.youtube.com\/embed\/tGUc7PKa-Yg&#8221;][vc_empty_space height=&#8221;1.7em&#8221;][\/vc_column][\/vc_row][vc_row][vc_column][vc_separator][\/vc_column][\/vc_row][vc_row][vc_column][vc_empty_space height=&#8221;4em&#8221;][vc_gmaps link=&#8221;#E-8_JTNDaWZyYW1lJTIwc3JjJTNEJTIyaHR0cHMlM0ElMkYlMkZ3d3cuZ29vZ2xlLmNvbSUyRm1hcHMlMkZlbWJlZCUzRnBiJTNEJTIxMW0xOCUyMTFtMTIlMjExbTMlMjExZDI3MTkuNDQ5MTg0MDU1ODcxMiUyMTJkMjguODIxMzQyMzczMDE2MzY4JTIxM2Q0Ny4wMzE0MTU5ODkzODgzOCUyMTJtMyUyMTFmMCUyMTJmMCUyMTNmMCUyMTNtMiUyMTFpMTAyNCUyMTJpNzY4JTIxNGYxMy4xJTIxM20zJTIxMW0yJTIxMXMweDQwYzk3ZGM4MzM5MmFhNzElMjUzQTB4YzI2NWNkNGUwOTM0YzIxMyUyMTJzQ2FtZXJhJTJCZGUlMkJDb21lciUyNUM4JTI1OUIlMkIlMjVDOCUyNTk5aSUyQkluZHVzdHJpZSUyQmElMkJSZXB1YmxpY2lpJTJCTW9sZG92YSUyMTVlMCUyMTNtMiUyMTFzcm8lMjEycyUyMTR2MTUyNzU4NjgyNzIzMiUyMiUyMHdpZHRoJTNEJTIyMTAwJTI1JTIyJTIwaGVpZ2h0JTNEJTIyNDUwJTIyJTIwZnJhbWVib3JkZXIlM0QlMjIwJTIyJTIwc3R5bGUlM0QlMjJib3JkZXIlM0EwJTIyJTIwYWxsb3dmdWxsc2NyZWVuJTNFJTNDJTJGaWZyYW1lJTNF&#8221;<\/p>\n","protected":false},"author":28,"featured_media":0,"parent":0,"menu_order":0,"comment_status":"closed","ping_status":"closed","template":"","meta":{"footnotes":""},"class_list":["post-91","page","type-page","status-publish","hentry"],"_links":{"self":[{"href":"https:\/\/arbitraj.chamber.md\/en\/wp-json\/wp\/v2\/pages\/91","targetHints":{"allow":["GET"]}}],"collection":[{"href":"https:\/\/arbitraj.chamber.md\/en\/wp-json\/wp\/v2\/pages"}],"about":[{"href":"https:\/\/arbitraj.chamber.md\/en\/wp-json\/wp\/v2\/types\/page"}],"author":[{"embeddable":true,"href":"https:\/\/arbitraj.chamber.md\/en\/wp-json\/wp\/v2\/users\/28"}],"replies":[{"embeddable":true,"href":"https:\/\/arbitraj.chamber.md\/en\/wp-json\/wp\/v2\/comments?post=91"}],"version-history":[{"count":2,"href":"https:\/\/arbitraj.chamber.md\/en\/wp-json\/wp\/v2\/pages\/91\/revisions"}],"predecessor-version":[{"id":2396,"href":"https:\/\/arbitraj.chamber.md\/en\/wp-json\/wp\/v2\/pages\/91\/revisions\/2396"}],"wp:attachment":[{"href":"https:\/\/arbitraj.chamber.md\/en\/wp-json\/wp\/v2\/media?parent=91"}],"curies":[{"name":"wp","href":"https:\/\/api.w.org\/{rel}","templated":true}]}}